{"id":4428,"date":"2025-02-12T08:51:20","date_gmt":"2025-02-12T08:51:20","guid":{"rendered":"https:\/\/filopa.pt\/inicio\/"},"modified":"2025-07-04T17:02:00","modified_gmt":"2025-07-04T17:02:00","slug":"filopa-agence-textile","status":"publish","type":"page","link":"https:\/\/filopa.pt\/fr\/","title":{"rendered":"Accueil"},"content":{"rendered":"\t\t<div data-elementor-type=\"wp-page\" data-elementor-id=\"4428\" class=\"elementor elementor-4428 elementor-2037\" data-elementor-post-type=\"page\">\n\t\t\t\t<div class=\"elementor-element elementor-element-7124fdb e-con-full video-container-notap first-container e-flex e-con e-child\" data-id=\"7124fdb\" data-element_type=\"container\">\n\t\t\t\t<div class=\"elementor-element elementor-element-6b6f2c1 hide-controls elementor-widget__width-initial elementor-hidden-tablet elementor-hidden-mobile elementor-widget elementor-widget-video\" data-id=\"6b6f2c1\" data-element_type=\"widget\" data-settings=\"{&quot;video_type&quot;:&quot;vimeo&quot;,&quot;autoplay&quot;:&quot;yes&quot;,&quot;mute&quot;:&quot;yes&quot;,&quot;loop&quot;:&quot;yes&quot;,&quot;play_on_mobile&quot;:&quot;yes&quot;}\" data-widget_type=\"video.default\">\n\t\t\t\t<div class=\"elementor-widget-container\">\n\t\t\t\t\t\t\t<div class=\"elementor-wrapper elementor-open-inline\">\n\t\t\t<iframe class=\"elementor-video-iframe\" allowfullscreen allow=\"autoplay\" title=\"Lecteur vid\u00e9o vimeo\" src=\"https:\/\/player.vimeo.com\/video\/1083963634?autoplay=1&amp;playsinline=1&amp;color=FFFFFF&amp;autopause=0&amp;loop=1&amp;muted=1&amp;title=1&amp;portrait=1&amp;byline=1&amp;h=21155a2dca#t=\"><\/iframe>\t\t<\/div>\n\t\t\t\t\t\t<\/div>\n\t\t\t\t<\/div>\n\t\t\t\t<div class=\"elementor-element elementor-element-bd5e734 hide-controls elementor-widget__width-initial elementor-hidden-desktop elementor-widget elementor-widget-video\" data-id=\"bd5e734\" data-element_type=\"widget\" data-settings=\"{&quot;video_type&quot;:&quot;vimeo&quot;,&quot;autoplay&quot;:&quot;yes&quot;,&quot;mute&quot;:&quot;yes&quot;,&quot;loop&quot;:&quot;yes&quot;,&quot;play_on_mobile&quot;:&quot;yes&quot;}\" data-widget_type=\"video.default\">\n\t\t\t\t<div class=\"elementor-widget-container\">\n\t\t\t\t\t\t\t<div class=\"elementor-wrapper elementor-open-inline\">\n\t\t\t<iframe class=\"elementor-video-iframe\" allowfullscreen allow=\"autoplay\" title=\"Lecteur vid\u00e9o vimeo\" src=\"https:\/\/player.vimeo.com\/video\/1083963634?autoplay=1&amp;playsinline=1&amp;color=FFFFFF&amp;autopause=0&amp;loop=1&amp;muted=1&amp;title=1&amp;portrait=1&amp;byline=1&amp;h=21155a2dca#t=\"><\/iframe>\t\t<\/div>\n\t\t\t\t\t\t<\/div>\n\t\t\t\t<\/div>\n\t\t\t\t<\/div>\n\t\t<div class=\"elementor-element elementor-element-b61d630 e-flex e-con-boxed e-con e-parent\" data-id=\"b61d630\" data-element_type=\"container\">\n\t\t\t\t\t<div class=\"e-con-inner\">\n\t\t<div class=\"elementor-element elementor-element-a1afeee e-con-full e-flex e-con e-child\" data-id=\"a1afeee\" data-element_type=\"container\">\n\t\t<div class=\"elementor-element elementor-element-91b030a e-con-full e-flex e-con e-child\" data-id=\"91b030a\" data-element_type=\"container\">\n\t\t\t\t<div class=\"elementor-element elementor-element-09111a5 elementor-widget elementor-widget-heading\" data-id=\"09111a5\" data-element_type=\"widget\" data-widget_type=\"heading.default\">\n\t\t\t\t<div class=\"elementor-widget-container\">\n\t\t\t\t\t<h1 class=\"elementor-heading-title elementor-size-default\">Filopa<\/h1>\t\t\t\t<\/div>\n\t\t\t\t<\/div>\n\t\t\t\t<div class=\"elementor-element elementor-element-87e2754 elementor-align-right elementor-mobile-align-left elementor-tablet-align-left elementor-hidden-tablet elementor-hidden-mobile elementor-widget elementor-widget-button\" data-id=\"87e2754\" data-element_type=\"widget\" data-widget_type=\"button.default\">\n\t\t\t\t<div class=\"elementor-widget-container\">\n\t\t\t\t\t\t\t\t\t<div class=\"elementor-button-wrapper\">\n\t\t\t\t\t<a class=\"elementor-button elementor-button-link elementor-size-sm\" href=\"\/fr\/a-propos-de-nous\/\">\n\t\t\t\t\t\t<span class=\"elementor-button-content-wrapper\">\n\t\t\t\t\t\t\t\t\t<span class=\"elementor-button-text\">D\u00e9couvrez Filopa<\/span>\n\t\t\t\t\t<\/span>\n\t\t\t\t\t<\/a>\n\t\t\t\t<\/div>\n\t\t\t\t\t\t\t\t<\/div>\n\t\t\t\t<\/div>\n\t\t\t\t<\/div>\n\t\t<div class=\"elementor-element elementor-element-117ca54 e-con-full e-flex e-con e-child\" data-id=\"117ca54\" data-element_type=\"container\">\n\t\t\t\t<div class=\"elementor-element elementor-element-c318d3f elementor-widget__width-initial elementor-widget elementor-widget-text-editor\" data-id=\"c318d3f\" data-element_type=\"widget\" data-widget_type=\"text-editor.default\">\n\t\t\t\t<div class=\"elementor-widget-container\">\n\t\t\t\t\t\t\t\t\t<p>FILOPA a \u00e9t\u00e9 fond\u00e9e en 1990 avec un objectif clair : transformer les services d\u2019agence textile en une exp\u00e9rience fond\u00e9e sur la confiance, la qualit\u00e9 et l\u2019innovation.<\/p>\t\t\t\t\t\t\t\t<\/div>\n\t\t\t\t<\/div>\n\t\t\t\t<div class=\"elementor-element elementor-element-2b44063 elementor-widget__width-initial elementor-widget elementor-widget-text-editor\" data-id=\"2b44063\" data-element_type=\"widget\" data-widget_type=\"text-editor.default\">\n\t\t\t\t<div class=\"elementor-widget-container\">\n\t\t\t\t\t\t\t\t\t<p><span style=\"font-weight: 400;\">Au fil des ann\u00e9es, nous avons \u00e9tabli une forte pr\u00e9sence sur le march\u00e9, gr\u00e2ce \u00e0 une connaissance approfondie des produits et \u00e0 des relations strat\u00e9giques avec nos partenaires.<\/span><span style=\"font-weight: 400;\"><br \/><\/span><span style=\"font-weight: 400;\">Nous collaborons avec un portefeuille diversifi\u00e9 de marques et de fournisseurs textiles, soigneusement s\u00e9lectionn\u00e9s pour leur qualit\u00e9 et leur fiabilit\u00e9. Gr\u00e2ce \u00e0 notre partenariat avec le plus grand distributeur du pays, nous garantissons des produits d\u2019excellence, avec le meilleur rapport qualit\u00e9\/prix et un service hautement efficace.<\/span><\/p>\t\t\t\t\t\t\t\t<\/div>\n\t\t\t\t<\/div>\n\t\t\t\t<\/div>\n\t\t<div class=\"elementor-element elementor-element-bd1dbfb e-con-full video-container-notap e-flex e-con e-child\" data-id=\"bd1dbfb\" data-element_type=\"container\">\n\t\t\t\t<div class=\"elementor-element elementor-element-ff72502 elementor-widget__width-inherit elementor-widget elementor-widget-video\" data-id=\"ff72502\" data-element_type=\"widget\" data-settings=\"{&quot;video_type&quot;:&quot;vimeo&quot;,&quot;autoplay&quot;:&quot;yes&quot;,&quot;loop&quot;:&quot;yes&quot;,&quot;play_on_mobile&quot;:&quot;yes&quot;,&quot;mute&quot;:&quot;yes&quot;}\" data-widget_type=\"video.default\">\n\t\t\t\t<div class=\"elementor-widget-container\">\n\t\t\t\t\t\t\t<div class=\"elementor-wrapper elementor-open-inline\">\n\t\t\t<iframe class=\"elementor-video-iframe\" allowfullscreen allow=\"autoplay\" title=\"Lecteur vid\u00e9o vimeo\" src=\"https:\/\/player.vimeo.com\/video\/1083964789?autoplay=1&amp;playsinline=1&amp;color&amp;autopause=0&amp;loop=1&amp;muted=1&amp;title=1&amp;portrait=1&amp;byline=1&amp;h=ffb163de53#t=\"><\/iframe>\t\t<\/div>\n\t\t\t\t\t\t<\/div>\n\t\t\t\t<\/div>\n\t\t\t\t<\/div>\n\t\t\t\t<div class=\"elementor-element elementor-element-2b0374c elementor-align-right elementor-mobile-align-center elementor-tablet-align-center black-arrow-btn elementor-hidden-desktop elementor-widget elementor-widget-button\" data-id=\"2b0374c\" data-element_type=\"widget\" data-widget_type=\"button.default\">\n\t\t\t\t<div class=\"elementor-widget-container\">\n\t\t\t\t\t\t\t\t\t<div class=\"elementor-button-wrapper\">\n\t\t\t\t\t<a class=\"elementor-button elementor-button-link elementor-size-sm\" href=\"\/fr\/a-propos-de-nous\/\">\n\t\t\t\t\t\t<span class=\"elementor-button-content-wrapper\">\n\t\t\t\t\t\t\t\t\t<span class=\"elementor-button-text\">D\u00e9couvrez Filopa<\/span>\n\t\t\t\t\t<\/span>\n\t\t\t\t\t<\/a>\n\t\t\t\t<\/div>\n\t\t\t\t\t\t\t\t<\/div>\n\t\t\t\t<\/div>\n\t\t\t\t<\/div>\n\t\t\t\t\t<\/div>\n\t\t\t\t<\/div>\n\t\t<div class=\"elementor-element elementor-element-087a1d9 e-flex e-con-boxed e-con e-parent\" data-id=\"087a1d9\" data-element_type=\"container\" data-settings=\"{&quot;background_background&quot;:&quot;classic&quot;}\">\n\t\t\t\t\t<div class=\"e-con-inner\">\n\t\t<div class=\"elementor-element elementor-element-14ab334 e-con-full e-flex e-con e-child\" data-id=\"14ab334\" data-element_type=\"container\">\n\t\t<div class=\"elementor-element elementor-element-c2e847b e-con-full e-flex e-con e-child\" data-id=\"c2e847b\" data-element_type=\"container\">\n\t\t\t\t<div class=\"elementor-element elementor-element-36ffd1c elementor-widget__width-initial elementor-widget elementor-widget-heading\" data-id=\"36ffd1c\" data-element_type=\"widget\" data-widget_type=\"heading.default\">\n\t\t\t\t<div class=\"elementor-widget-container\">\n\t\t\t\t\t<h2 class=\"elementor-heading-title elementor-size-default\">Nos Produits<\/h2>\t\t\t\t<\/div>\n\t\t\t\t<\/div>\n\t\t\t\t<div class=\"elementor-element elementor-element-cd862eb elementor-align-right elementor-mobile-align-left elementor-tablet-align-left elementor-hidden-tablet elementor-hidden-mobile elementor-widget elementor-widget-button\" data-id=\"cd862eb\" data-element_type=\"widget\" data-widget_type=\"button.default\">\n\t\t\t\t<div class=\"elementor-widget-container\">\n\t\t\t\t\t\t\t\t\t<div class=\"elementor-button-wrapper\">\n\t\t\t\t\t<a class=\"elementor-button elementor-button-link elementor-size-sm\" href=\"\/fr\/produits\/\">\n\t\t\t\t\t\t<span class=\"elementor-button-content-wrapper\">\n\t\t\t\t\t\t\t\t\t<span class=\"elementor-button-text\">D\u00e9couvrez plus de produits<\/span>\n\t\t\t\t\t<\/span>\n\t\t\t\t\t<\/a>\n\t\t\t\t<\/div>\n\t\t\t\t\t\t\t\t<\/div>\n\t\t\t\t<\/div>\n\t\t\t\t<\/div>\n\t\t<div class=\"elementor-element elementor-element-2392c87 e-con-full e-flex e-con e-child\" data-id=\"2392c87\" data-element_type=\"container\">\n\t\t\t\t<div class=\"elementor-element elementor-element-73e3acf elementor-widget__width-initial elementor-widget elementor-widget-text-editor\" data-id=\"73e3acf\" data-element_type=\"widget\" data-widget_type=\"text-editor.default\">\n\t\t\t\t<div class=\"elementor-widget-container\">\n\t\t\t\t\t\t\t\t\t<p class=\"p1\">Filopa propose une large gamme de fils textiles, soigneusement s\u00e9lectionn\u00e9s pour r\u00e9pondre aux exigences de divers secteurs de production.<\/p>\t\t\t\t\t\t\t\t<\/div>\n\t\t\t\t<\/div>\n\t\t\t\t<div class=\"elementor-element elementor-element-c761a52 elementor-widget__width-initial elementor-widget elementor-widget-text-editor\" data-id=\"c761a52\" data-element_type=\"widget\" data-widget_type=\"text-editor.default\">\n\t\t\t\t<div class=\"elementor-widget-container\">\n\t\t\t\t\t\t\t\t\t<p><span style=\"font-weight: 400;\">Avec un fort engagement envers la qualit\u00e9, nous collaborons avec des filateurs de premier plan pour garantir des produits fiables, adapt\u00e9s aux technologies les plus avanc\u00e9es. D\u00e9couvrez notre gamme !<\/span><\/p>\t\t\t\t\t\t\t\t<\/div>\n\t\t\t\t<\/div>\n\t\t\t\t<\/div>\n\t\t\t\t<div class=\"elementor-element elementor-element-7513c1a elementor-widget elementor-widget-image\" data-id=\"7513c1a\" data-element_type=\"widget\" data-widget_type=\"image.default\">\n\t\t\t\t<div class=\"elementor-widget-container\">\n\t\t\t\t\t\t\t\t\t\t\t\t\t\t\t<img fetchpriority=\"high\" decoding=\"async\" width=\"2560\" height=\"1920\" src=\"https:\/\/filopa.pt\/wp-content\/uploads\/2025\/07\/AdobeStock_256153888-1-min-scaled.webp\" class=\"attachment-full size-full wp-image-5636\" alt=\"Fila de bobines de linha branca em m\u00e1quina industrial t\u00eaxtil\" srcset=\"https:\/\/filopa.pt\/wp-content\/uploads\/2025\/07\/AdobeStock_256153888-1-min-scaled.webp 2560w, https:\/\/filopa.pt\/wp-content\/uploads\/2025\/07\/AdobeStock_256153888-1-min-1024x768.webp 1024w, https:\/\/filopa.pt\/wp-content\/uploads\/2025\/07\/AdobeStock_256153888-1-min-1920x1440.webp 1920w, https:\/\/filopa.pt\/wp-content\/uploads\/2025\/07\/AdobeStock_256153888-1-min-768x576.webp 768w, https:\/\/filopa.pt\/wp-content\/uploads\/2025\/07\/AdobeStock_256153888-1-min-1536x1152.webp 1536w, https:\/\/filopa.pt\/wp-content\/uploads\/2025\/07\/AdobeStock_256153888-1-min-2048x1536.webp 2048w\" sizes=\"(max-width: 2560px) 100vw, 2560px\" \/>\t\t\t\t\t\t\t\t\t\t\t\t\t\t\t<\/div>\n\t\t\t\t<\/div>\n\t\t\t\t<div class=\"elementor-element elementor-element-61a0b16 elementor-align-right elementor-mobile-align-center elementor-tablet-align-center black-arrow-btn elementor-hidden-desktop elementor-widget elementor-widget-button\" data-id=\"61a0b16\" data-element_type=\"widget\" data-widget_type=\"button.default\">\n\t\t\t\t<div class=\"elementor-widget-container\">\n\t\t\t\t\t\t\t\t\t<div class=\"elementor-button-wrapper\">\n\t\t\t\t\t<a class=\"elementor-button elementor-button-link elementor-size-sm\" href=\"\/fr\/produits\/\">\n\t\t\t\t\t\t<span class=\"elementor-button-content-wrapper\">\n\t\t\t\t\t\t\t\t\t<span class=\"elementor-button-text\">D\u00e9couvrez plus de produits<\/span>\n\t\t\t\t\t<\/span>\n\t\t\t\t\t<\/a>\n\t\t\t\t<\/div>\n\t\t\t\t\t\t\t\t<\/div>\n\t\t\t\t<\/div>\n\t\t\t\t<\/div>\n\t\t\t\t\t<\/div>\n\t\t\t\t<\/div>\n\t\t\t\t<\/div>\n\t\t","protected":false},"excerpt":{"rendered":"<p>https:\/\/vimeo.com\/1083963634\/21155a2dcahttps:\/\/vimeo.com\/1083963634\/21155a2dca?ts=0&#038;share=copy Filopa D\u00e9couvrez Filopa FILOPA a \u00e9t\u00e9 fond\u00e9e en 1990 avec un objectif clair : transformer les services d\u2019agence textile en une exp\u00e9rience fond\u00e9e sur la confiance, la qualit\u00e9 et l\u2019innovation. Au fil des ann\u00e9es, nous avons \u00e9tabli une forte pr\u00e9sence sur le march\u00e9, gr\u00e2ce \u00e0 une connaissance approfondie des produits et \u00e0 des relations [&hellip;]<\/p>\n","protected":false},"author":5,"featured_media":0,"parent":0,"menu_order":6,"comment_status":"closed","ping_status":"closed","template":"","meta":{"_acf_changed":false,"footnotes":""},"class_list":["post-4428","page","type-page","status-publish","hentry"],"acf":[],"yoast_head":"<!-- This site is optimized with the Yoast SEO plugin v25.4 - https:\/\/yoast.com\/wordpress\/plugins\/seo\/ -->\n<title>Accueil - Filopa<\/title>\n<meta name=\"description\" content=\"FILOPA a \u00e9t\u00e9 fond\u00e9e en 1990 avec un objectif clair : transformer les services d\u2019agencement textile en une exp\u00e9rience fond\u00e9e sur la confiance, la qualit\u00e9 et l\u2019innovation.\" \/>\n<meta name=\"robots\" content=\"index, follow, max-snippet:-1, max-image-preview:large, max-video-preview:-1\" \/>\n<link rel=\"canonical\" href=\"https:\/\/filopa.pt\/fr\/\" \/>\n<meta property=\"og:locale\" content=\"fr_FR\" \/>\n<meta property=\"og:type\" content=\"article\" \/>\n<meta property=\"og:title\" content=\"Accueil - Filopa\" \/>\n<meta property=\"og:description\" content=\"FILOPA a \u00e9t\u00e9 fond\u00e9e en 1990 avec un objectif clair : transformer les services d\u2019agencement textile en une exp\u00e9rience fond\u00e9e sur la confiance, la qualit\u00e9 et l\u2019innovation.\" \/>\n<meta property=\"og:url\" content=\"https:\/\/filopa.pt\/fr\/\" \/>\n<meta property=\"og:site_name\" content=\"Filopa\" \/>\n<meta property=\"article:modified_time\" content=\"2025-07-04T17:02:00+00:00\" \/>\n<meta property=\"og:image\" content=\"https:\/\/filopa.pt\/wp-content\/uploads\/2025\/07\/AdobeStock_256153888-1-min-scaled.webp\" \/>\n<meta name=\"twitter:card\" content=\"summary_large_image\" \/>\n<meta name=\"twitter:label1\" content=\"Dur\u00e9e de lecture estim\u00e9e\" \/>\n\t<meta name=\"twitter:data1\" content=\"2 minutes\" \/>\n<script type=\"application\/ld+json\" class=\"yoast-schema-graph\">{\"@context\":\"https:\/\/schema.org\",\"@graph\":[{\"@type\":\"WebPage\",\"@id\":\"https:\/\/filopa.pt\/fr\/\",\"url\":\"https:\/\/filopa.pt\/fr\/\",\"name\":\"Accueil - Filopa\",\"isPartOf\":{\"@id\":\"https:\/\/filopa.pt\/#website\"},\"primaryImageOfPage\":{\"@id\":\"https:\/\/filopa.pt\/fr\/#primaryimage\"},\"image\":{\"@id\":\"https:\/\/filopa.pt\/fr\/#primaryimage\"},\"thumbnailUrl\":\"https:\/\/filopa.pt\/wp-content\/uploads\/2025\/07\/AdobeStock_256153888-1-min-scaled.webp\",\"datePublished\":\"2025-02-12T08:51:20+00:00\",\"dateModified\":\"2025-07-04T17:02:00+00:00\",\"description\":\"FILOPA a \u00e9t\u00e9 fond\u00e9e en 1990 avec un objectif clair : transformer les services d\u2019agencement textile en une exp\u00e9rience fond\u00e9e sur la confiance, la qualit\u00e9 et l\u2019innovation.\",\"breadcrumb\":{\"@id\":\"https:\/\/filopa.pt\/fr\/#breadcrumb\"},\"inLanguage\":\"fr-FR\",\"potentialAction\":[{\"@type\":\"ReadAction\",\"target\":[\"https:\/\/filopa.pt\/fr\/\"]}]},{\"@type\":\"ImageObject\",\"inLanguage\":\"fr-FR\",\"@id\":\"https:\/\/filopa.pt\/fr\/#primaryimage\",\"url\":\"https:\/\/filopa.pt\/wp-content\/uploads\/2025\/07\/AdobeStock_256153888-1-min-scaled.webp\",\"contentUrl\":\"https:\/\/filopa.pt\/wp-content\/uploads\/2025\/07\/AdobeStock_256153888-1-min-scaled.webp\"},{\"@type\":\"BreadcrumbList\",\"@id\":\"https:\/\/filopa.pt\/fr\/#breadcrumb\",\"itemListElement\":[{\"@type\":\"ListItem\",\"position\":1,\"name\":\"In\u00edcio\",\"item\":\"https:\/\/filopa.pt\/fr\/\"},{\"@type\":\"ListItem\",\"position\":2,\"name\":\"Accueil\"}]},{\"@type\":\"WebSite\",\"@id\":\"https:\/\/filopa.pt\/#website\",\"url\":\"https:\/\/filopa.pt\/\",\"name\":\"Filopa\",\"description\":\"\",\"publisher\":{\"@id\":\"https:\/\/filopa.pt\/#organization\"},\"potentialAction\":[{\"@type\":\"SearchAction\",\"target\":{\"@type\":\"EntryPoint\",\"urlTemplate\":\"https:\/\/filopa.pt\/?s={search_term_string}\"},\"query-input\":{\"@type\":\"PropertyValueSpecification\",\"valueRequired\":true,\"valueName\":\"search_term_string\"}}],\"inLanguage\":\"fr-FR\"},{\"@type\":\"Organization\",\"@id\":\"https:\/\/filopa.pt\/#organization\",\"name\":\"Filopa\",\"url\":\"https:\/\/filopa.pt\/\",\"logo\":{\"@type\":\"ImageObject\",\"inLanguage\":\"fr-FR\",\"@id\":\"https:\/\/filopa.pt\/#\/schema\/logo\/image\/\",\"url\":\"https:\/\/filopa.pt\/wp-content\/uploads\/2024\/07\/filopa-logo-2@2x.webp\",\"contentUrl\":\"https:\/\/filopa.pt\/wp-content\/uploads\/2024\/07\/filopa-logo-2@2x.webp\",\"width\":219,\"height\":81,\"caption\":\"Filopa\"},\"image\":{\"@id\":\"https:\/\/filopa.pt\/#\/schema\/logo\/image\/\"},\"sameAs\":[\"https:\/\/www.linkedin.com\/company\/filopasa\/\"]}]}<\/script>\n<!-- \/ Yoast SEO plugin. -->","yoast_head_json":{"title":"Accueil - Filopa","description":"FILOPA a \u00e9t\u00e9 fond\u00e9e en 1990 avec un objectif clair : transformer les services d\u2019agencement textile en une exp\u00e9rience fond\u00e9e sur la confiance, la qualit\u00e9 et l\u2019innovation.","robots":{"index":"index","follow":"follow","max-snippet":"max-snippet:-1","max-image-preview":"max-image-preview:large","max-video-preview":"max-video-preview:-1"},"canonical":"https:\/\/filopa.pt\/fr\/","og_locale":"fr_FR","og_type":"article","og_title":"Accueil - Filopa","og_description":"FILOPA a \u00e9t\u00e9 fond\u00e9e en 1990 avec un objectif clair : transformer les services d\u2019agencement textile en une exp\u00e9rience fond\u00e9e sur la confiance, la qualit\u00e9 et l\u2019innovation.","og_url":"https:\/\/filopa.pt\/fr\/","og_site_name":"Filopa","article_modified_time":"2025-07-04T17:02:00+00:00","og_image":[{"url":"https:\/\/filopa.pt\/wp-content\/uploads\/2025\/07\/AdobeStock_256153888-1-min-scaled.webp","type":"","width":"","height":""}],"twitter_card":"summary_large_image","twitter_misc":{"Dur\u00e9e de lecture estim\u00e9e":"2 minutes"},"schema":{"@context":"https:\/\/schema.org","@graph":[{"@type":"WebPage","@id":"https:\/\/filopa.pt\/fr\/","url":"https:\/\/filopa.pt\/fr\/","name":"Accueil - Filopa","isPartOf":{"@id":"https:\/\/filopa.pt\/#website"},"primaryImageOfPage":{"@id":"https:\/\/filopa.pt\/fr\/#primaryimage"},"image":{"@id":"https:\/\/filopa.pt\/fr\/#primaryimage"},"thumbnailUrl":"https:\/\/filopa.pt\/wp-content\/uploads\/2025\/07\/AdobeStock_256153888-1-min-scaled.webp","datePublished":"2025-02-12T08:51:20+00:00","dateModified":"2025-07-04T17:02:00+00:00","description":"FILOPA a \u00e9t\u00e9 fond\u00e9e en 1990 avec un objectif clair : transformer les services d\u2019agencement textile en une exp\u00e9rience fond\u00e9e sur la confiance, la qualit\u00e9 et l\u2019innovation.","breadcrumb":{"@id":"https:\/\/filopa.pt\/fr\/#breadcrumb"},"inLanguage":"fr-FR","potentialAction":[{"@type":"ReadAction","target":["https:\/\/filopa.pt\/fr\/"]}]},{"@type":"ImageObject","inLanguage":"fr-FR","@id":"https:\/\/filopa.pt\/fr\/#primaryimage","url":"https:\/\/filopa.pt\/wp-content\/uploads\/2025\/07\/AdobeStock_256153888-1-min-scaled.webp","contentUrl":"https:\/\/filopa.pt\/wp-content\/uploads\/2025\/07\/AdobeStock_256153888-1-min-scaled.webp"},{"@type":"BreadcrumbList","@id":"https:\/\/filopa.pt\/fr\/#breadcrumb","itemListElement":[{"@type":"ListItem","position":1,"name":"In\u00edcio","item":"https:\/\/filopa.pt\/fr\/"},{"@type":"ListItem","position":2,"name":"Accueil"}]},{"@type":"WebSite","@id":"https:\/\/filopa.pt\/#website","url":"https:\/\/filopa.pt\/","name":"Filopa","description":"","publisher":{"@id":"https:\/\/filopa.pt\/#organization"},"potentialAction":[{"@type":"SearchAction","target":{"@type":"EntryPoint","urlTemplate":"https:\/\/filopa.pt\/?s={search_term_string}"},"query-input":{"@type":"PropertyValueSpecification","valueRequired":true,"valueName":"search_term_string"}}],"inLanguage":"fr-FR"},{"@type":"Organization","@id":"https:\/\/filopa.pt\/#organization","name":"Filopa","url":"https:\/\/filopa.pt\/","logo":{"@type":"ImageObject","inLanguage":"fr-FR","@id":"https:\/\/filopa.pt\/#\/schema\/logo\/image\/","url":"https:\/\/filopa.pt\/wp-content\/uploads\/2024\/07\/filopa-logo-2@2x.webp","contentUrl":"https:\/\/filopa.pt\/wp-content\/uploads\/2024\/07\/filopa-logo-2@2x.webp","width":219,"height":81,"caption":"Filopa"},"image":{"@id":"https:\/\/filopa.pt\/#\/schema\/logo\/image\/"},"sameAs":["https:\/\/www.linkedin.com\/company\/filopasa\/"]}]}},"_links":{"self":[{"href":"https:\/\/filopa.pt\/fr\/wp-json\/wp\/v2\/pages\/4428","targetHints":{"allow":["GET"]}}],"collection":[{"href":"https:\/\/filopa.pt\/fr\/wp-json\/wp\/v2\/pages"}],"about":[{"href":"https:\/\/filopa.pt\/fr\/wp-json\/wp\/v2\/types\/page"}],"author":[{"embeddable":true,"href":"https:\/\/filopa.pt\/fr\/wp-json\/wp\/v2\/users\/5"}],"replies":[{"embeddable":true,"href":"https:\/\/filopa.pt\/fr\/wp-json\/wp\/v2\/comments?post=4428"}],"version-history":[{"count":35,"href":"https:\/\/filopa.pt\/fr\/wp-json\/wp\/v2\/pages\/4428\/revisions"}],"predecessor-version":[{"id":6025,"href":"https:\/\/filopa.pt\/fr\/wp-json\/wp\/v2\/pages\/4428\/revisions\/6025"}],"wp:attachment":[{"href":"https:\/\/filopa.pt\/fr\/wp-json\/wp\/v2\/media?parent=4428"}],"curies":[{"name":"wp","href":"https:\/\/api.w.org\/{rel}","templated":true}]}}