{"id":4437,"date":"2025-05-13T10:59:03","date_gmt":"2025-05-13T10:59:03","guid":{"rendered":"https:\/\/filopa.pt\/?page_id=4437"},"modified":"2025-07-04T16:49:57","modified_gmt":"2025-07-04T16:49:57","slug":"contacts","status":"publish","type":"page","link":"https:\/\/filopa.pt\/fr\/contacts\/","title":{"rendered":"Contacts"},"content":{"rendered":"\t\t<div data-elementor-type=\"wp-page\" data-elementor-id=\"4437\" class=\"elementor elementor-4437 elementor-4435\" data-elementor-post-type=\"page\">\n\t\t\t\t<div class=\"elementor-element elementor-element-937faa3 e-flex e-con-boxed e-con e-parent\" data-id=\"937faa3\" data-element_type=\"container\" data-settings=\"{&quot;background_background&quot;:&quot;classic&quot;}\">\n\t\t\t\t\t<div class=\"e-con-inner\">\n\t\t<div class=\"elementor-element elementor-element-3071231 e-con-full e-flex e-con e-child\" data-id=\"3071231\" data-element_type=\"container\">\n\t\t<div class=\"elementor-element elementor-element-f9b0e4b e-con-full e-flex e-con e-child\" data-id=\"f9b0e4b\" data-element_type=\"container\">\n\t\t\t\t<div class=\"elementor-element elementor-element-fa674a6 elementor-widget elementor-widget-heading\" data-id=\"fa674a6\" data-element_type=\"widget\" data-widget_type=\"heading.default\">\n\t\t\t\t<div class=\"elementor-widget-container\">\n\t\t\t\t\t<h1 class=\"elementor-heading-title elementor-size-default\">Contacts<\/h1>\t\t\t\t<\/div>\n\t\t\t\t<\/div>\n\t\t\t\t<\/div>\n\t\t<div class=\"elementor-element elementor-element-fc087e9 e-con-full e-flex e-con e-child\" data-id=\"fc087e9\" data-element_type=\"container\">\n\t\t<div class=\"elementor-element elementor-element-b047a7d e-con-full e-flex e-con e-child\" data-id=\"b047a7d\" data-element_type=\"container\">\n\t\t\t\t<div class=\"elementor-element elementor-element-1a8524e elementor-list-item-link-inline contact-list elementor-icon-list--layout-traditional elementor-widget elementor-widget-icon-list\" data-id=\"1a8524e\" data-element_type=\"widget\" data-widget_type=\"icon-list.default\">\n\t\t\t\t<div class=\"elementor-widget-container\">\n\t\t\t\t\t\t\t<ul class=\"elementor-icon-list-items\">\n\t\t\t\t\t\t\t<li class=\"elementor-icon-list-item\">\n\t\t\t\t\t\t\t\t\t\t\t<span class=\"elementor-icon-list-icon\">\n\t\t\t\t\t\t\t\t\t\t\t\t\t<\/span>\n\t\t\t\t\t\t\t\t\t\t<span class=\"elementor-icon-list-text\">Rua Vale de Donas n\u00ba 13, <br> 4800-476 Guimar\u00e3es <br> Portugal<\/span>\n\t\t\t\t\t\t\t\t\t<\/li>\n\t\t\t\t\t\t\t\t<li class=\"elementor-icon-list-item\">\n\t\t\t\t\t\t\t\t\t\t\t<span class=\"elementor-icon-list-icon\">\n\t\t\t\t\t\t\t\t\t\t\t\t\t<\/span>\n\t\t\t\t\t\t\t\t\t\t<span class=\"elementor-icon-list-text\">+351 253 141 641<\/span>\n\t\t\t\t\t\t\t\t\t<\/li>\n\t\t\t\t\t\t\t\t<li class=\"elementor-icon-list-item\">\n\t\t\t\t\t\t\t\t\t\t\t<span class=\"elementor-icon-list-icon\">\n\t\t\t\t\t\t\t\t\t\t\t\t\t<\/span>\n\t\t\t\t\t\t\t\t\t\t<span class=\"elementor-icon-list-text\">filopa@filopa.pt<\/span>\n\t\t\t\t\t\t\t\t\t<\/li>\n\t\t\t\t\t\t<\/ul>\n\t\t\t\t\t\t<\/div>\n\t\t\t\t<\/div>\n\t\t\t\t<\/div>\n\t\t<div class=\"elementor-element elementor-element-1495656 e-con-full e-flex e-con e-child\" data-id=\"1495656\" data-element_type=\"container\">\n\t\t\t\t<div class=\"elementor-element elementor-element-a51ba88 elementor-button-align-end elementor-mobile-button-align-center white-arrow-btn elementor-tablet-button-align-end elementor-widget elementor-widget-form\" data-id=\"a51ba88\" data-element_type=\"widget\" data-settings=\"{&quot;step_next_label&quot;:&quot;Next&quot;,&quot;step_previous_label&quot;:&quot;Anterior&quot;,&quot;step_type&quot;:&quot;text&quot;}\" data-widget_type=\"form.default\">\n\t\t\t\t<div class=\"elementor-widget-container\">\n\t\t\t\t\t\t\t<form class=\"elementor-form\" method=\"post\" id=\"contact_form\" name=\"Contact Form\">\n\t\t\t<input type=\"hidden\" name=\"post_id\" value=\"4437\"\/>\n\t\t\t<input type=\"hidden\" name=\"form_id\" value=\"a51ba88\"\/>\n\t\t\t<input type=\"hidden\" name=\"referer_title\" value=\"Filopa\" \/>\n\n\t\t\t\n\t\t\t<div class=\"elementor-form-fields-wrapper elementor-labels-above\">\n\t\t\t\t\t\t\t\t<div class=\"elementor-field-type-text elementor-field-group elementor-column elementor-field-group-nome elementor-col-50 elementor-md-100 elementor-field-required\">\n\t\t\t\t\t\t\t\t\t\t\t\t<label for=\"form-field-nome\" class=\"elementor-field-label\">\n\t\t\t\t\t\t\t\tNom *\t\t\t\t\t\t\t<\/label>\n\t\t\t\t\t\t\t\t\t\t\t\t\t\t<input size=\"1\" type=\"text\" name=\"form_fields[nome]\" id=\"form-field-nome\" class=\"elementor-field elementor-size-xs  elementor-field-textual\" required=\"required\">\n\t\t\t\t\t\t\t\t\t\t\t<\/div>\n\t\t\t\t\t\t\t\t<div class=\"elementor-field-type-email elementor-field-group elementor-column elementor-field-group-email elementor-col-50 elementor-md-100 elementor-field-required\">\n\t\t\t\t\t\t\t\t\t\t\t\t<label for=\"form-field-email\" class=\"elementor-field-label\">\n\t\t\t\t\t\t\t\tEmail *\t\t\t\t\t\t\t<\/label>\n\t\t\t\t\t\t\t\t\t\t\t\t\t\t<input size=\"1\" type=\"email\" name=\"form_fields[email]\" id=\"form-field-email\" class=\"elementor-field elementor-size-xs  elementor-field-textual\" required=\"required\">\n\t\t\t\t\t\t\t\t\t\t\t<\/div>\n\t\t\t\t\t\t\t\t<div class=\"elementor-field-type-textarea elementor-field-group elementor-column elementor-field-group-mensagem elementor-col-100\">\n\t\t\t\t\t\t\t\t\t\t\t\t<label for=\"form-field-mensagem\" class=\"elementor-field-label\">\n\t\t\t\t\t\t\t\tMessage\t\t\t\t\t\t\t<\/label>\n\t\t\t\t\t\t<textarea class=\"elementor-field-textual elementor-field  elementor-size-xs\" name=\"form_fields[mensagem]\" id=\"form-field-mensagem\" rows=\"3\"><\/textarea>\t\t\t\t<\/div>\n\t\t\t\t\t\t\t\t<div class=\"elementor-field-group elementor-column elementor-field-type-submit elementor-col-100 e-form__buttons\">\n\t\t\t\t\t<button class=\"elementor-button elementor-size-sm\" type=\"submit\" id=\"submit-form\">\n\t\t\t\t\t\t<span class=\"elementor-button-content-wrapper\">\n\t\t\t\t\t\t\t\t\t\t\t\t\t\t\t\t\t\t\t\t\t\t<span class=\"elementor-button-text\">Envoyer<\/span>\n\t\t\t\t\t\t\t\t\t\t\t\t\t<\/span>\n\t\t\t\t\t<\/button>\n\t\t\t\t<\/div>\n\t\t\t<\/div>\n\t\t<\/form>\n\t\t\t\t\t\t<\/div>\n\t\t\t\t<\/div>\n\t\t\t\t<\/div>\n\t\t\t\t<\/div>\n\t\t\t\t<\/div>\n\t\t\t\t<div class=\"elementor-element elementor-element-20605ca elementor-widget elementor-widget-google_maps\" data-id=\"20605ca\" data-element_type=\"widget\" data-widget_type=\"google_maps.default\">\n\t\t\t\t<div class=\"elementor-widget-container\">\n\t\t\t\t\t\t\t<div class=\"elementor-custom-embed\">\n\t\t\t<iframe loading=\"lazy\"\n\t\t\t\t\tsrc=\"https:\/\/maps.google.com\/maps?q=Filopa%20-%20Agenciamento%2C%20Importa%C3%A7%C3%A3o%20E%20Exporta%C3%A7%C3%A3o%20De%20Prod.%20Texteis%2C%20Lda.&#038;t=m&#038;z=16&#038;output=embed&#038;iwloc=near\"\n\t\t\t\t\ttitle=\"Filopa - Agenciamento, Importa\u00e7\u00e3o E Exporta\u00e7\u00e3o De Prod. Texteis, Lda.\"\n\t\t\t\t\taria-label=\"Filopa - Agenciamento, Importa\u00e7\u00e3o E Exporta\u00e7\u00e3o De Prod. Texteis, Lda.\"\n\t\t\t><\/iframe>\n\t\t<\/div>\n\t\t\t\t\t\t<\/div>\n\t\t\t\t<\/div>\n\t\t\t\t\t<\/div>\n\t\t\t\t<\/div>\n\t\t\t\t<\/div>\n\t\t","protected":false},"excerpt":{"rendered":"<p>Contacts Rua Vale de Donas n\u00ba 13, 4800-476 Guimar\u00e3es Portugal +351 253 141 641 filopa@filopa.pt<\/p>\n","protected":false},"author":5,"featured_media":0,"parent":0,"menu_order":2,"comment_status":"closed","ping_status":"closed","template":"","meta":{"_acf_changed":false,"footnotes":""},"class_list":["post-4437","page","type-page","status-publish","hentry"],"acf":[],"yoast_head":"<!-- This site is optimized with the Yoast SEO plugin v25.4 - https:\/\/yoast.com\/wordpress\/plugins\/seo\/ -->\n<title>Contacts - Filopa<\/title>\n<meta name=\"description\" content=\"Contactez-nous pour plus d\u2019informations: +351 253 141 641 \/ E-mail: filopa@filopa.pt \/ Adresse: Rua Vale de Donas n\u00ba 13,4800-476 Guimar\u00e3es Portugal\" \/>\n<meta name=\"robots\" content=\"index, follow, max-snippet:-1, max-image-preview:large, max-video-preview:-1\" \/>\n<link rel=\"canonical\" href=\"https:\/\/filopa.pt\/fr\/contacts\/\" \/>\n<meta property=\"og:locale\" content=\"fr_FR\" \/>\n<meta property=\"og:type\" content=\"article\" \/>\n<meta property=\"og:title\" content=\"Contacts - Filopa\" \/>\n<meta property=\"og:description\" content=\"Contactez-nous pour plus d\u2019informations: +351 253 141 641 \/ E-mail: filopa@filopa.pt \/ Adresse: Rua Vale de Donas n\u00ba 13,4800-476 Guimar\u00e3es Portugal\" \/>\n<meta property=\"og:url\" content=\"https:\/\/filopa.pt\/fr\/contacts\/\" \/>\n<meta property=\"og:site_name\" content=\"Filopa\" \/>\n<meta property=\"article:modified_time\" content=\"2025-07-04T16:49:57+00:00\" \/>\n<meta name=\"twitter:card\" content=\"summary_large_image\" \/>\n<meta name=\"twitter:label1\" content=\"Dur\u00e9e de lecture estim\u00e9e\" \/>\n\t<meta name=\"twitter:data1\" content=\"1 minute\" \/>\n<script type=\"application\/ld+json\" class=\"yoast-schema-graph\">{\"@context\":\"https:\/\/schema.org\",\"@graph\":[{\"@type\":\"WebPage\",\"@id\":\"https:\/\/filopa.pt\/fr\/contacts\/\",\"url\":\"https:\/\/filopa.pt\/fr\/contacts\/\",\"name\":\"Contacts - Filopa\",\"isPartOf\":{\"@id\":\"https:\/\/filopa.pt\/#website\"},\"datePublished\":\"2025-05-13T10:59:03+00:00\",\"dateModified\":\"2025-07-04T16:49:57+00:00\",\"description\":\"Contactez-nous pour plus d\u2019informations: +351 253 141 641 \/ E-mail: filopa@filopa.pt \/ Adresse: Rua Vale de Donas n\u00ba 13,4800-476 Guimar\u00e3es Portugal\",\"breadcrumb\":{\"@id\":\"https:\/\/filopa.pt\/fr\/contacts\/#breadcrumb\"},\"inLanguage\":\"fr-FR\",\"potentialAction\":[{\"@type\":\"ReadAction\",\"target\":[\"https:\/\/filopa.pt\/fr\/contacts\/\"]}]},{\"@type\":\"BreadcrumbList\",\"@id\":\"https:\/\/filopa.pt\/fr\/contacts\/#breadcrumb\",\"itemListElement\":[{\"@type\":\"ListItem\",\"position\":1,\"name\":\"In\u00edcio\",\"item\":\"https:\/\/filopa.pt\/fr\/\"},{\"@type\":\"ListItem\",\"position\":2,\"name\":\"Contacts\"}]},{\"@type\":\"WebSite\",\"@id\":\"https:\/\/filopa.pt\/#website\",\"url\":\"https:\/\/filopa.pt\/\",\"name\":\"Filopa\",\"description\":\"\",\"publisher\":{\"@id\":\"https:\/\/filopa.pt\/#organization\"},\"potentialAction\":[{\"@type\":\"SearchAction\",\"target\":{\"@type\":\"EntryPoint\",\"urlTemplate\":\"https:\/\/filopa.pt\/?s={search_term_string}\"},\"query-input\":{\"@type\":\"PropertyValueSpecification\",\"valueRequired\":true,\"valueName\":\"search_term_string\"}}],\"inLanguage\":\"fr-FR\"},{\"@type\":\"Organization\",\"@id\":\"https:\/\/filopa.pt\/#organization\",\"name\":\"Filopa\",\"url\":\"https:\/\/filopa.pt\/\",\"logo\":{\"@type\":\"ImageObject\",\"inLanguage\":\"fr-FR\",\"@id\":\"https:\/\/filopa.pt\/#\/schema\/logo\/image\/\",\"url\":\"https:\/\/filopa.pt\/wp-content\/uploads\/2024\/07\/filopa-logo-2@2x.webp\",\"contentUrl\":\"https:\/\/filopa.pt\/wp-content\/uploads\/2024\/07\/filopa-logo-2@2x.webp\",\"width\":219,\"height\":81,\"caption\":\"Filopa\"},\"image\":{\"@id\":\"https:\/\/filopa.pt\/#\/schema\/logo\/image\/\"},\"sameAs\":[\"https:\/\/www.linkedin.com\/company\/filopasa\/\"]}]}<\/script>\n<!-- \/ Yoast SEO plugin. -->","yoast_head_json":{"title":"Contacts - Filopa","description":"Contactez-nous pour plus d\u2019informations: +351 253 141 641 \/ E-mail: filopa@filopa.pt \/ Adresse: Rua Vale de Donas n\u00ba 13,4800-476 Guimar\u00e3es Portugal","robots":{"index":"index","follow":"follow","max-snippet":"max-snippet:-1","max-image-preview":"max-image-preview:large","max-video-preview":"max-video-preview:-1"},"canonical":"https:\/\/filopa.pt\/fr\/contacts\/","og_locale":"fr_FR","og_type":"article","og_title":"Contacts - Filopa","og_description":"Contactez-nous pour plus d\u2019informations: +351 253 141 641 \/ E-mail: filopa@filopa.pt \/ Adresse: Rua Vale de Donas n\u00ba 13,4800-476 Guimar\u00e3es Portugal","og_url":"https:\/\/filopa.pt\/fr\/contacts\/","og_site_name":"Filopa","article_modified_time":"2025-07-04T16:49:57+00:00","twitter_card":"summary_large_image","twitter_misc":{"Dur\u00e9e de lecture estim\u00e9e":"1 minute"},"schema":{"@context":"https:\/\/schema.org","@graph":[{"@type":"WebPage","@id":"https:\/\/filopa.pt\/fr\/contacts\/","url":"https:\/\/filopa.pt\/fr\/contacts\/","name":"Contacts - Filopa","isPartOf":{"@id":"https:\/\/filopa.pt\/#website"},"datePublished":"2025-05-13T10:59:03+00:00","dateModified":"2025-07-04T16:49:57+00:00","description":"Contactez-nous pour plus d\u2019informations: +351 253 141 641 \/ E-mail: filopa@filopa.pt \/ Adresse: Rua Vale de Donas n\u00ba 13,4800-476 Guimar\u00e3es Portugal","breadcrumb":{"@id":"https:\/\/filopa.pt\/fr\/contacts\/#breadcrumb"},"inLanguage":"fr-FR","potentialAction":[{"@type":"ReadAction","target":["https:\/\/filopa.pt\/fr\/contacts\/"]}]},{"@type":"BreadcrumbList","@id":"https:\/\/filopa.pt\/fr\/contacts\/#breadcrumb","itemListElement":[{"@type":"ListItem","position":1,"name":"In\u00edcio","item":"https:\/\/filopa.pt\/fr\/"},{"@type":"ListItem","position":2,"name":"Contacts"}]},{"@type":"WebSite","@id":"https:\/\/filopa.pt\/#website","url":"https:\/\/filopa.pt\/","name":"Filopa","description":"","publisher":{"@id":"https:\/\/filopa.pt\/#organization"},"potentialAction":[{"@type":"SearchAction","target":{"@type":"EntryPoint","urlTemplate":"https:\/\/filopa.pt\/?s={search_term_string}"},"query-input":{"@type":"PropertyValueSpecification","valueRequired":true,"valueName":"search_term_string"}}],"inLanguage":"fr-FR"},{"@type":"Organization","@id":"https:\/\/filopa.pt\/#organization","name":"Filopa","url":"https:\/\/filopa.pt\/","logo":{"@type":"ImageObject","inLanguage":"fr-FR","@id":"https:\/\/filopa.pt\/#\/schema\/logo\/image\/","url":"https:\/\/filopa.pt\/wp-content\/uploads\/2024\/07\/filopa-logo-2@2x.webp","contentUrl":"https:\/\/filopa.pt\/wp-content\/uploads\/2024\/07\/filopa-logo-2@2x.webp","width":219,"height":81,"caption":"Filopa"},"image":{"@id":"https:\/\/filopa.pt\/#\/schema\/logo\/image\/"},"sameAs":["https:\/\/www.linkedin.com\/company\/filopasa\/"]}]}},"_links":{"self":[{"href":"https:\/\/filopa.pt\/fr\/wp-json\/wp\/v2\/pages\/4437","targetHints":{"allow":["GET"]}}],"collection":[{"href":"https:\/\/filopa.pt\/fr\/wp-json\/wp\/v2\/pages"}],"about":[{"href":"https:\/\/filopa.pt\/fr\/wp-json\/wp\/v2\/types\/page"}],"author":[{"embeddable":true,"href":"https:\/\/filopa.pt\/fr\/wp-json\/wp\/v2\/users\/5"}],"replies":[{"embeddable":true,"href":"https:\/\/filopa.pt\/fr\/wp-json\/wp\/v2\/comments?post=4437"}],"version-history":[{"count":20,"href":"https:\/\/filopa.pt\/fr\/wp-json\/wp\/v2\/pages\/4437\/revisions"}],"predecessor-version":[{"id":6020,"href":"https:\/\/filopa.pt\/fr\/wp-json\/wp\/v2\/pages\/4437\/revisions\/6020"}],"wp:attachment":[{"href":"https:\/\/filopa.pt\/fr\/wp-json\/wp\/v2\/media?parent=4437"}],"curies":[{"name":"wp","href":"https:\/\/api.w.org\/{rel}","templated":true}]}}