{"id":4429,"date":"2025-02-12T08:51:20","date_gmt":"2025-02-12T08:51:20","guid":{"rendered":"https:\/\/filopa.pt\/inicio\/"},"modified":"2025-07-04T17:03:02","modified_gmt":"2025-07-04T17:03:02","slug":"filopa","status":"publish","type":"page","link":"https:\/\/filopa.pt\/it\/","title":{"rendered":"Pagina iniziale"},"content":{"rendered":"\t\t<div data-elementor-type=\"wp-page\" data-elementor-id=\"4429\" class=\"elementor elementor-4429 elementor-2037\" data-elementor-post-type=\"page\">\n\t\t\t\t<div class=\"elementor-element elementor-element-833ffc7 video-container-notap first-container e-flex e-con-boxed e-con e-child\" data-id=\"833ffc7\" data-element_type=\"container\">\n\t\t\t\t\t<div class=\"e-con-inner\">\n\t\t\t\t<div class=\"elementor-element elementor-element-27cffbf hide-controls elementor-hidden-tablet elementor-hidden-mobile elementor-widget__width-initial elementor-widget elementor-widget-video\" data-id=\"27cffbf\" data-element_type=\"widget\" data-settings=\"{&quot;video_type&quot;:&quot;vimeo&quot;,&quot;autoplay&quot;:&quot;yes&quot;,&quot;mute&quot;:&quot;yes&quot;,&quot;loop&quot;:&quot;yes&quot;,&quot;play_on_mobile&quot;:&quot;yes&quot;}\" data-widget_type=\"video.default\">\n\t\t\t\t<div class=\"elementor-widget-container\">\n\t\t\t\t\t\t\t<div class=\"elementor-wrapper elementor-open-inline\">\n\t\t\t<iframe class=\"elementor-video-iframe\" allowfullscreen allow=\"autoplay\" title=\"vimeo Video Player\" src=\"https:\/\/player.vimeo.com\/video\/1083963634?autoplay=1&amp;playsinline=1&amp;color&amp;autopause=0&amp;loop=1&amp;muted=1&amp;title=1&amp;portrait=1&amp;byline=1&amp;h=21155a2dca#t=\"><\/iframe>\t\t<\/div>\n\t\t\t\t\t\t<\/div>\n\t\t\t\t<\/div>\n\t\t\t\t<div class=\"elementor-element elementor-element-181437c elementor-hidden-desktop elementor-widget elementor-widget-video\" data-id=\"181437c\" data-element_type=\"widget\" data-settings=\"{&quot;video_type&quot;:&quot;vimeo&quot;,&quot;autoplay&quot;:&quot;yes&quot;,&quot;mute&quot;:&quot;yes&quot;,&quot;loop&quot;:&quot;yes&quot;,&quot;play_on_mobile&quot;:&quot;yes&quot;}\" data-widget_type=\"video.default\">\n\t\t\t\t<div class=\"elementor-widget-container\">\n\t\t\t\t\t\t\t<div class=\"elementor-wrapper elementor-open-inline\">\n\t\t\t<iframe class=\"elementor-video-iframe\" allowfullscreen allow=\"autoplay\" title=\"vimeo Video Player\" src=\"https:\/\/player.vimeo.com\/video\/1083963634?autoplay=1&amp;playsinline=1&amp;color&amp;autopause=0&amp;loop=1&amp;muted=1&amp;title=1&amp;portrait=1&amp;byline=1&amp;h=21155a2dca#t=\"><\/iframe>\t\t<\/div>\n\t\t\t\t\t\t<\/div>\n\t\t\t\t<\/div>\n\t\t\t\t\t<\/div>\n\t\t\t\t<\/div>\n\t\t<div class=\"elementor-element elementor-element-b61d630 e-flex e-con-boxed e-con e-parent\" data-id=\"b61d630\" data-element_type=\"container\">\n\t\t\t\t\t<div class=\"e-con-inner\">\n\t\t<div class=\"elementor-element elementor-element-a1afeee e-con-full e-flex e-con e-child\" data-id=\"a1afeee\" data-element_type=\"container\">\n\t\t<div class=\"elementor-element elementor-element-91b030a e-con-full e-flex e-con e-child\" data-id=\"91b030a\" data-element_type=\"container\">\n\t\t\t\t<div class=\"elementor-element elementor-element-09111a5 elementor-widget elementor-widget-heading\" data-id=\"09111a5\" data-element_type=\"widget\" data-widget_type=\"heading.default\">\n\t\t\t\t<div class=\"elementor-widget-container\">\n\t\t\t\t\t<h1 class=\"elementor-heading-title elementor-size-default\">Filopa<\/h1>\t\t\t\t<\/div>\n\t\t\t\t<\/div>\n\t\t\t\t<div class=\"elementor-element elementor-element-87e2754 elementor-align-right elementor-mobile-align-left elementor-tablet-align-left elementor-hidden-tablet elementor-hidden-mobile elementor-widget elementor-widget-button\" data-id=\"87e2754\" data-element_type=\"widget\" data-widget_type=\"button.default\">\n\t\t\t\t<div class=\"elementor-widget-container\">\n\t\t\t\t\t\t\t\t\t<div class=\"elementor-button-wrapper\">\n\t\t\t\t\t<a class=\"elementor-button elementor-button-link elementor-size-sm\" href=\"\/it\/chi-siamo\/\">\n\t\t\t\t\t\t<span class=\"elementor-button-content-wrapper\">\n\t\t\t\t\t\t\t\t\t<span class=\"elementor-button-text\">Scopri Filopa<\/span>\n\t\t\t\t\t<\/span>\n\t\t\t\t\t<\/a>\n\t\t\t\t<\/div>\n\t\t\t\t\t\t\t\t<\/div>\n\t\t\t\t<\/div>\n\t\t\t\t<\/div>\n\t\t<div class=\"elementor-element elementor-element-117ca54 e-con-full e-flex e-con e-child\" data-id=\"117ca54\" data-element_type=\"container\">\n\t\t\t\t<div class=\"elementor-element elementor-element-c318d3f elementor-widget__width-initial elementor-widget elementor-widget-text-editor\" data-id=\"c318d3f\" data-element_type=\"widget\" data-widget_type=\"text-editor.default\">\n\t\t\t\t<div class=\"elementor-widget-container\">\n\t\t\t\t\t\t\t\t\t<p>FILOPA \u00e8 stata fondata nel 1990 con un obiettivo chiaro: trasformare i servizi di agenzia tessile in un&#8217;esperienza di fiducia, qualit\u00e0 e innovazione.<\/p>\t\t\t\t\t\t\t\t<\/div>\n\t\t\t\t<\/div>\n\t\t\t\t<div class=\"elementor-element elementor-element-2b44063 elementor-widget__width-initial elementor-widget elementor-widget-text-editor\" data-id=\"2b44063\" data-element_type=\"widget\" data-widget_type=\"text-editor.default\">\n\t\t\t\t<div class=\"elementor-widget-container\">\n\t\t\t\t\t\t\t\t\t<p class=\"p1\"><span style=\"font-weight: 400;\">Nel corso degli anni abbiamo consolidato una forte presenza sul mercato, basata su una profonda conoscenza dei prodotti e su relazioni strategiche con i nostri partner.<\/span><span style=\"font-weight: 400;\"><br \/><\/span><span style=\"font-weight: 400;\">Collaboriamo con un portafoglio diversificato di marchi e fornitori tessili, selezionati con cura per la loro qualit\u00e0 e affidabilit\u00e0. Grazie alla nostra collaborazione con il pi\u00f9 grande distributore del paese, garantiamo prodotti di eccellenza con il miglior rapporto qualit\u00e0\/prezzo e un servizio altamente efficiente.<\/span><\/p>\t\t\t\t\t\t\t\t<\/div>\n\t\t\t\t<\/div>\n\t\t\t\t<\/div>\n\t\t<div class=\"elementor-element elementor-element-3276136 e-con-full video-container-notap e-flex e-con e-child\" data-id=\"3276136\" data-element_type=\"container\">\n\t\t\t\t<div class=\"elementor-element elementor-element-d25aa83 elementor-widget__width-inherit elementor-widget elementor-widget-video\" data-id=\"d25aa83\" data-element_type=\"widget\" data-settings=\"{&quot;video_type&quot;:&quot;vimeo&quot;,&quot;autoplay&quot;:&quot;yes&quot;,&quot;loop&quot;:&quot;yes&quot;,&quot;play_on_mobile&quot;:&quot;yes&quot;,&quot;mute&quot;:&quot;yes&quot;}\" data-widget_type=\"video.default\">\n\t\t\t\t<div class=\"elementor-widget-container\">\n\t\t\t\t\t\t\t<div class=\"elementor-wrapper elementor-open-inline\">\n\t\t\t<iframe class=\"elementor-video-iframe\" allowfullscreen allow=\"autoplay\" title=\"vimeo Video Player\" src=\"https:\/\/player.vimeo.com\/video\/1083964789?autoplay=1&amp;playsinline=1&amp;color&amp;autopause=0&amp;loop=1&amp;muted=1&amp;title=1&amp;portrait=1&amp;byline=1&amp;h=ffb163de53#t=\"><\/iframe>\t\t<\/div>\n\t\t\t\t\t\t<\/div>\n\t\t\t\t<\/div>\n\t\t\t\t<\/div>\n\t\t\t\t<div class=\"elementor-element elementor-element-2b0374c elementor-align-right elementor-mobile-align-center elementor-tablet-align-center black-arrow-btn elementor-hidden-desktop elementor-widget elementor-widget-button\" data-id=\"2b0374c\" data-element_type=\"widget\" data-widget_type=\"button.default\">\n\t\t\t\t<div class=\"elementor-widget-container\">\n\t\t\t\t\t\t\t\t\t<div class=\"elementor-button-wrapper\">\n\t\t\t\t\t<a class=\"elementor-button elementor-button-link elementor-size-sm\" href=\"\/it\/chi-siamo\/\">\n\t\t\t\t\t\t<span class=\"elementor-button-content-wrapper\">\n\t\t\t\t\t\t\t\t\t<span class=\"elementor-button-text\">Scopri Filopa<\/span>\n\t\t\t\t\t<\/span>\n\t\t\t\t\t<\/a>\n\t\t\t\t<\/div>\n\t\t\t\t\t\t\t\t<\/div>\n\t\t\t\t<\/div>\n\t\t\t\t<\/div>\n\t\t\t\t\t<\/div>\n\t\t\t\t<\/div>\n\t\t<div class=\"elementor-element elementor-element-087a1d9 e-flex e-con-boxed e-con e-parent\" data-id=\"087a1d9\" data-element_type=\"container\" data-settings=\"{&quot;background_background&quot;:&quot;classic&quot;}\">\n\t\t\t\t\t<div class=\"e-con-inner\">\n\t\t<div class=\"elementor-element elementor-element-14ab334 e-con-full e-flex e-con e-child\" data-id=\"14ab334\" data-element_type=\"container\">\n\t\t<div class=\"elementor-element elementor-element-c2e847b e-con-full e-flex e-con e-child\" data-id=\"c2e847b\" data-element_type=\"container\">\n\t\t\t\t<div class=\"elementor-element elementor-element-36ffd1c elementor-widget__width-initial elementor-widget elementor-widget-heading\" data-id=\"36ffd1c\" data-element_type=\"widget\" data-widget_type=\"heading.default\">\n\t\t\t\t<div class=\"elementor-widget-container\">\n\t\t\t\t\t<h2 class=\"elementor-heading-title elementor-size-default\">I Nostri Prodotti<\/h2>\t\t\t\t<\/div>\n\t\t\t\t<\/div>\n\t\t\t\t<div class=\"elementor-element elementor-element-cd862eb elementor-align-right elementor-mobile-align-left elementor-tablet-align-left elementor-hidden-tablet elementor-hidden-mobile elementor-widget elementor-widget-button\" data-id=\"cd862eb\" data-element_type=\"widget\" data-widget_type=\"button.default\">\n\t\t\t\t<div class=\"elementor-widget-container\">\n\t\t\t\t\t\t\t\t\t<div class=\"elementor-button-wrapper\">\n\t\t\t\t\t<a class=\"elementor-button elementor-button-link elementor-size-sm\" href=\"\/it\/prodotti\/\">\n\t\t\t\t\t\t<span class=\"elementor-button-content-wrapper\">\n\t\t\t\t\t\t\t\t\t<span class=\"elementor-button-text\">Scopri Altri Prodotti<\/span>\n\t\t\t\t\t<\/span>\n\t\t\t\t\t<\/a>\n\t\t\t\t<\/div>\n\t\t\t\t\t\t\t\t<\/div>\n\t\t\t\t<\/div>\n\t\t\t\t<\/div>\n\t\t<div class=\"elementor-element elementor-element-2392c87 e-con-full e-flex e-con e-child\" data-id=\"2392c87\" data-element_type=\"container\">\n\t\t\t\t<div class=\"elementor-element elementor-element-73e3acf elementor-widget__width-initial elementor-widget elementor-widget-text-editor\" data-id=\"73e3acf\" data-element_type=\"widget\" data-widget_type=\"text-editor.default\">\n\t\t\t\t<div class=\"elementor-widget-container\">\n\t\t\t\t\t\t\t\t\t<p class=\"p1\">Filopa offre un&#8217;ampia gamma di filati tessili, accuratamente selezionati per rispondere alle esigenze di diversi settori produttivi.<\/p>\t\t\t\t\t\t\t\t<\/div>\n\t\t\t\t<\/div>\n\t\t\t\t<div class=\"elementor-element elementor-element-c761a52 elementor-widget__width-initial elementor-widget elementor-widget-text-editor\" data-id=\"c761a52\" data-element_type=\"widget\" data-widget_type=\"text-editor.default\">\n\t\t\t\t<div class=\"elementor-widget-container\">\n\t\t\t\t\t\t\t\t\t<p><span style=\"font-weight: 400;\">Con un forte orientamento alla qualit\u00e0, collaboriamo con filatori di riferimento per garantire prodotti affidabili e adattati alle tecnologie pi\u00f9 avanzate. Scopri la nostra gamma!<\/span><\/p>\t\t\t\t\t\t\t\t<\/div>\n\t\t\t\t<\/div>\n\t\t\t\t<\/div>\n\t\t\t\t<div class=\"elementor-element elementor-element-7513c1a elementor-widget elementor-widget-image\" data-id=\"7513c1a\" data-element_type=\"widget\" data-widget_type=\"image.default\">\n\t\t\t\t<div class=\"elementor-widget-container\">\n\t\t\t\t\t\t\t\t\t\t\t\t\t\t\t<img fetchpriority=\"high\" decoding=\"async\" width=\"2560\" height=\"1920\" src=\"https:\/\/filopa.pt\/wp-content\/uploads\/2025\/07\/AdobeStock_256153888-1-min-scaled.webp\" class=\"attachment-full size-full wp-image-5637\" alt=\"Fila de bobines de linha branca em m\u00e1quina industrial t\u00eaxtil\" srcset=\"https:\/\/filopa.pt\/wp-content\/uploads\/2025\/07\/AdobeStock_256153888-1-min-scaled.webp 2560w, https:\/\/filopa.pt\/wp-content\/uploads\/2025\/07\/AdobeStock_256153888-1-min-1024x768.webp 1024w, https:\/\/filopa.pt\/wp-content\/uploads\/2025\/07\/AdobeStock_256153888-1-min-1920x1440.webp 1920w, https:\/\/filopa.pt\/wp-content\/uploads\/2025\/07\/AdobeStock_256153888-1-min-768x576.webp 768w, https:\/\/filopa.pt\/wp-content\/uploads\/2025\/07\/AdobeStock_256153888-1-min-1536x1152.webp 1536w, https:\/\/filopa.pt\/wp-content\/uploads\/2025\/07\/AdobeStock_256153888-1-min-2048x1536.webp 2048w\" sizes=\"(max-width: 2560px) 100vw, 2560px\" \/>\t\t\t\t\t\t\t\t\t\t\t\t\t\t\t<\/div>\n\t\t\t\t<\/div>\n\t\t\t\t<div class=\"elementor-element elementor-element-61a0b16 elementor-align-right elementor-mobile-align-center elementor-tablet-align-center black-arrow-btn elementor-hidden-desktop elementor-widget elementor-widget-button\" data-id=\"61a0b16\" data-element_type=\"widget\" data-widget_type=\"button.default\">\n\t\t\t\t<div class=\"elementor-widget-container\">\n\t\t\t\t\t\t\t\t\t<div class=\"elementor-button-wrapper\">\n\t\t\t\t\t<a class=\"elementor-button elementor-button-link elementor-size-sm\" href=\"\/it\/prodotti\/\">\n\t\t\t\t\t\t<span class=\"elementor-button-content-wrapper\">\n\t\t\t\t\t\t\t\t\t<span class=\"elementor-button-text\">Scopri Altri Prodotti<\/span>\n\t\t\t\t\t<\/span>\n\t\t\t\t\t<\/a>\n\t\t\t\t<\/div>\n\t\t\t\t\t\t\t\t<\/div>\n\t\t\t\t<\/div>\n\t\t\t\t<\/div>\n\t\t\t\t\t<\/div>\n\t\t\t\t<\/div>\n\t\t\t\t<\/div>\n\t\t","protected":false},"excerpt":{"rendered":"<p>Filopa Scopri Filopa FILOPA \u00e8 stata fondata nel 1990 con un obiettivo chiaro: trasformare i servizi di agenzia tessile in un&#8217;esperienza di fiducia, qualit\u00e0 e innovazione. Nel corso degli anni abbiamo consolidato una forte presenza sul mercato, basata su una profonda conoscenza dei prodotti e su relazioni strategiche con i nostri partner. Collaboriamo con un [&hellip;]<\/p>\n","protected":false},"author":5,"featured_media":0,"parent":0,"menu_order":6,"comment_status":"closed","ping_status":"closed","template":"","meta":{"_acf_changed":false,"footnotes":""},"class_list":["post-4429","page","type-page","status-publish","hentry"],"acf":[],"yoast_head":"<!-- This site is optimized with the Yoast SEO plugin v25.4 - https:\/\/yoast.com\/wordpress\/plugins\/seo\/ -->\n<title>Pagina iniziale - Filopa<\/title>\n<meta name=\"description\" content=\"FILOPA \u00e8 stata fondata nel 1990 con un obiettivo chiaro: trasformare i servizi di agenzia tessile in un\u2019esperienza basata sulla fiducia, la qualit\u00e0 e l\u2019innovazione.\" \/>\n<meta name=\"robots\" content=\"index, follow, max-snippet:-1, max-image-preview:large, max-video-preview:-1\" \/>\n<link rel=\"canonical\" href=\"https:\/\/filopa.pt\/it\/\" \/>\n<meta property=\"og:locale\" content=\"it_IT\" \/>\n<meta property=\"og:type\" content=\"article\" \/>\n<meta property=\"og:title\" content=\"Pagina iniziale - Filopa\" \/>\n<meta property=\"og:description\" content=\"FILOPA \u00e8 stata fondata nel 1990 con un obiettivo chiaro: trasformare i servizi di agenzia tessile in un\u2019esperienza basata sulla fiducia, la qualit\u00e0 e l\u2019innovazione.\" \/>\n<meta property=\"og:url\" content=\"https:\/\/filopa.pt\/it\/\" \/>\n<meta property=\"og:site_name\" content=\"Filopa\" \/>\n<meta property=\"article:modified_time\" content=\"2025-07-04T17:03:02+00:00\" \/>\n<meta property=\"og:image\" content=\"https:\/\/filopa.pt\/wp-content\/uploads\/2025\/07\/AdobeStock_256153888-1-min-scaled.webp\" \/>\n<meta name=\"twitter:card\" content=\"summary_large_image\" \/>\n<meta name=\"twitter:label1\" content=\"Tempo di lettura stimato\" \/>\n\t<meta name=\"twitter:data1\" content=\"2 minuti\" \/>\n<script type=\"application\/ld+json\" class=\"yoast-schema-graph\">{\"@context\":\"https:\/\/schema.org\",\"@graph\":[{\"@type\":\"WebPage\",\"@id\":\"https:\/\/filopa.pt\/it\/\",\"url\":\"https:\/\/filopa.pt\/it\/\",\"name\":\"Pagina iniziale - Filopa\",\"isPartOf\":{\"@id\":\"https:\/\/filopa.pt\/#website\"},\"primaryImageOfPage\":{\"@id\":\"https:\/\/filopa.pt\/it\/#primaryimage\"},\"image\":{\"@id\":\"https:\/\/filopa.pt\/it\/#primaryimage\"},\"thumbnailUrl\":\"https:\/\/filopa.pt\/wp-content\/uploads\/2025\/07\/AdobeStock_256153888-1-min-scaled.webp\",\"datePublished\":\"2025-02-12T08:51:20+00:00\",\"dateModified\":\"2025-07-04T17:03:02+00:00\",\"description\":\"FILOPA \u00e8 stata fondata nel 1990 con un obiettivo chiaro: trasformare i servizi di agenzia tessile in un\u2019esperienza basata sulla fiducia, la qualit\u00e0 e l\u2019innovazione.\",\"breadcrumb\":{\"@id\":\"https:\/\/filopa.pt\/it\/#breadcrumb\"},\"inLanguage\":\"it-IT\",\"potentialAction\":[{\"@type\":\"ReadAction\",\"target\":[\"https:\/\/filopa.pt\/it\/\"]}]},{\"@type\":\"ImageObject\",\"inLanguage\":\"it-IT\",\"@id\":\"https:\/\/filopa.pt\/it\/#primaryimage\",\"url\":\"https:\/\/filopa.pt\/wp-content\/uploads\/2025\/07\/AdobeStock_256153888-1-min-scaled.webp\",\"contentUrl\":\"https:\/\/filopa.pt\/wp-content\/uploads\/2025\/07\/AdobeStock_256153888-1-min-scaled.webp\"},{\"@type\":\"BreadcrumbList\",\"@id\":\"https:\/\/filopa.pt\/it\/#breadcrumb\",\"itemListElement\":[{\"@type\":\"ListItem\",\"position\":1,\"name\":\"In\u00edcio\",\"item\":\"https:\/\/filopa.pt\/it\/\"},{\"@type\":\"ListItem\",\"position\":2,\"name\":\"Pagina iniziale\"}]},{\"@type\":\"WebSite\",\"@id\":\"https:\/\/filopa.pt\/#website\",\"url\":\"https:\/\/filopa.pt\/\",\"name\":\"Filopa\",\"description\":\"\",\"publisher\":{\"@id\":\"https:\/\/filopa.pt\/#organization\"},\"potentialAction\":[{\"@type\":\"SearchAction\",\"target\":{\"@type\":\"EntryPoint\",\"urlTemplate\":\"https:\/\/filopa.pt\/?s={search_term_string}\"},\"query-input\":{\"@type\":\"PropertyValueSpecification\",\"valueRequired\":true,\"valueName\":\"search_term_string\"}}],\"inLanguage\":\"it-IT\"},{\"@type\":\"Organization\",\"@id\":\"https:\/\/filopa.pt\/#organization\",\"name\":\"Filopa\",\"url\":\"https:\/\/filopa.pt\/\",\"logo\":{\"@type\":\"ImageObject\",\"inLanguage\":\"it-IT\",\"@id\":\"https:\/\/filopa.pt\/#\/schema\/logo\/image\/\",\"url\":\"https:\/\/filopa.pt\/wp-content\/uploads\/2024\/07\/filopa-logo-2@2x.webp\",\"contentUrl\":\"https:\/\/filopa.pt\/wp-content\/uploads\/2024\/07\/filopa-logo-2@2x.webp\",\"width\":219,\"height\":81,\"caption\":\"Filopa\"},\"image\":{\"@id\":\"https:\/\/filopa.pt\/#\/schema\/logo\/image\/\"},\"sameAs\":[\"https:\/\/www.linkedin.com\/company\/filopasa\/\"]}]}<\/script>\n<!-- \/ Yoast SEO plugin. -->","yoast_head_json":{"title":"Pagina iniziale - Filopa","description":"FILOPA \u00e8 stata fondata nel 1990 con un obiettivo chiaro: trasformare i servizi di agenzia tessile in un\u2019esperienza basata sulla fiducia, la qualit\u00e0 e l\u2019innovazione.","robots":{"index":"index","follow":"follow","max-snippet":"max-snippet:-1","max-image-preview":"max-image-preview:large","max-video-preview":"max-video-preview:-1"},"canonical":"https:\/\/filopa.pt\/it\/","og_locale":"it_IT","og_type":"article","og_title":"Pagina iniziale - Filopa","og_description":"FILOPA \u00e8 stata fondata nel 1990 con un obiettivo chiaro: trasformare i servizi di agenzia tessile in un\u2019esperienza basata sulla fiducia, la qualit\u00e0 e l\u2019innovazione.","og_url":"https:\/\/filopa.pt\/it\/","og_site_name":"Filopa","article_modified_time":"2025-07-04T17:03:02+00:00","og_image":[{"url":"https:\/\/filopa.pt\/wp-content\/uploads\/2025\/07\/AdobeStock_256153888-1-min-scaled.webp","type":"","width":"","height":""}],"twitter_card":"summary_large_image","twitter_misc":{"Tempo di lettura stimato":"2 minuti"},"schema":{"@context":"https:\/\/schema.org","@graph":[{"@type":"WebPage","@id":"https:\/\/filopa.pt\/it\/","url":"https:\/\/filopa.pt\/it\/","name":"Pagina iniziale - Filopa","isPartOf":{"@id":"https:\/\/filopa.pt\/#website"},"primaryImageOfPage":{"@id":"https:\/\/filopa.pt\/it\/#primaryimage"},"image":{"@id":"https:\/\/filopa.pt\/it\/#primaryimage"},"thumbnailUrl":"https:\/\/filopa.pt\/wp-content\/uploads\/2025\/07\/AdobeStock_256153888-1-min-scaled.webp","datePublished":"2025-02-12T08:51:20+00:00","dateModified":"2025-07-04T17:03:02+00:00","description":"FILOPA \u00e8 stata fondata nel 1990 con un obiettivo chiaro: trasformare i servizi di agenzia tessile in un\u2019esperienza basata sulla fiducia, la qualit\u00e0 e l\u2019innovazione.","breadcrumb":{"@id":"https:\/\/filopa.pt\/it\/#breadcrumb"},"inLanguage":"it-IT","potentialAction":[{"@type":"ReadAction","target":["https:\/\/filopa.pt\/it\/"]}]},{"@type":"ImageObject","inLanguage":"it-IT","@id":"https:\/\/filopa.pt\/it\/#primaryimage","url":"https:\/\/filopa.pt\/wp-content\/uploads\/2025\/07\/AdobeStock_256153888-1-min-scaled.webp","contentUrl":"https:\/\/filopa.pt\/wp-content\/uploads\/2025\/07\/AdobeStock_256153888-1-min-scaled.webp"},{"@type":"BreadcrumbList","@id":"https:\/\/filopa.pt\/it\/#breadcrumb","itemListElement":[{"@type":"ListItem","position":1,"name":"In\u00edcio","item":"https:\/\/filopa.pt\/it\/"},{"@type":"ListItem","position":2,"name":"Pagina iniziale"}]},{"@type":"WebSite","@id":"https:\/\/filopa.pt\/#website","url":"https:\/\/filopa.pt\/","name":"Filopa","description":"","publisher":{"@id":"https:\/\/filopa.pt\/#organization"},"potentialAction":[{"@type":"SearchAction","target":{"@type":"EntryPoint","urlTemplate":"https:\/\/filopa.pt\/?s={search_term_string}"},"query-input":{"@type":"PropertyValueSpecification","valueRequired":true,"valueName":"search_term_string"}}],"inLanguage":"it-IT"},{"@type":"Organization","@id":"https:\/\/filopa.pt\/#organization","name":"Filopa","url":"https:\/\/filopa.pt\/","logo":{"@type":"ImageObject","inLanguage":"it-IT","@id":"https:\/\/filopa.pt\/#\/schema\/logo\/image\/","url":"https:\/\/filopa.pt\/wp-content\/uploads\/2024\/07\/filopa-logo-2@2x.webp","contentUrl":"https:\/\/filopa.pt\/wp-content\/uploads\/2024\/07\/filopa-logo-2@2x.webp","width":219,"height":81,"caption":"Filopa"},"image":{"@id":"https:\/\/filopa.pt\/#\/schema\/logo\/image\/"},"sameAs":["https:\/\/www.linkedin.com\/company\/filopasa\/"]}]}},"_links":{"self":[{"href":"https:\/\/filopa.pt\/it\/wp-json\/wp\/v2\/pages\/4429","targetHints":{"allow":["GET"]}}],"collection":[{"href":"https:\/\/filopa.pt\/it\/wp-json\/wp\/v2\/pages"}],"about":[{"href":"https:\/\/filopa.pt\/it\/wp-json\/wp\/v2\/types\/page"}],"author":[{"embeddable":true,"href":"https:\/\/filopa.pt\/it\/wp-json\/wp\/v2\/users\/5"}],"replies":[{"embeddable":true,"href":"https:\/\/filopa.pt\/it\/wp-json\/wp\/v2\/comments?post=4429"}],"version-history":[{"count":41,"href":"https:\/\/filopa.pt\/it\/wp-json\/wp\/v2\/pages\/4429\/revisions"}],"predecessor-version":[{"id":6026,"href":"https:\/\/filopa.pt\/it\/wp-json\/wp\/v2\/pages\/4429\/revisions\/6026"}],"wp:attachment":[{"href":"https:\/\/filopa.pt\/it\/wp-json\/wp\/v2\/media?parent=4429"}],"curies":[{"name":"wp","href":"https:\/\/api.w.org\/{rel}","templated":true}]}}